{"id":1603,"date":"2020-10-20T14:31:53","date_gmt":"2020-10-20T12:31:53","guid":{"rendered":"http:\/\/nanori.uniri.hr\/lpemnt\/?page_id=1603"},"modified":"2020-10-20T14:39:44","modified_gmt":"2020-10-20T12:39:44","slug":"people","status":"publish","type":"page","link":"https:\/\/nanori.uniri.hr\/lpemnt\/people\/","title":{"rendered":"People"},"content":{"rendered":"<p><\/p>\n<table width=\"678\">\n<tbody>\n<tr>\n<td width=\"265\"><strong>FULL PROFESSORS\u00a0 <\/strong><\/td>\n<td width=\"56\"><strong>Office<\/strong><\/td>\n<td width=\"121\"><strong>Phone<\/strong><\/td>\n<td width=\"226\"><strong>E-mail<\/strong><\/td>\n<\/tr>\n<tr>\n<td width=\"265\">Prof. D. Sc. Sa\u0161a Zelenika<\/td>\n<td width=\"56\">O-S14<\/td>\n<td width=\"121\">(051) 651-538<\/td>\n<td width=\"226\"><a href=\"mailto:sasa.zelenika@riteh.hr\">sasa.zelenika@riteh.hr<\/a><\/td>\n<\/tr>\n<tr>\n<td width=\"265\"><strong>ASSISTANT PROFESSORS<\/strong><\/td>\n<td width=\"56\"><strong>Office<\/strong><\/td>\n<td width=\"121\"><strong>Phone<\/strong><\/td>\n<td width=\"226\"><strong>E-mail<\/strong><\/td>\n<\/tr>\n<tr>\n<td width=\"265\"><a href=\"https:\/\/ekamenar.github.io\/\" target=\"_blank\" rel=\"noopener\">Assist. Prof. D. Sc. Ervin Kamenar (Head of the laboratory)<\/a><\/td>\n<td width=\"56\">O-S17<\/td>\n<td width=\"121\">(051) 584-766<\/td>\n<td width=\"226\"><a href=\"mailto:ekamenar@riteh.hr\">ekamenar@riteh.hr<\/a><\/td>\n<\/tr>\n<tr>\n<td width=\"265\">Assist. Prof. D. Sc. Kristina Markovi\u0107<\/td>\n<td width=\"56\">O-S15<\/td>\n<td width=\"121\">(051) 651-535<\/td>\n<td width=\"226\"><a href=\"mailto:kristina.markovic@riteh.hr\">kristina.markovic@riteh.hr<\/a><\/td>\n<\/tr>\n<tr>\n<td width=\"265\">Assist. Prof. D. Sc. Jelena Srnec Novak<\/td>\n<td width=\"56\">O-S16<\/td>\n<td width=\"121\">(051) 651-539<\/td>\n<td width=\"226\"><a href=\"mailto:jsrnecnovak@riteh.hr\">jsrnecnovak@riteh.hr<\/a><\/td>\n<\/tr>\n<tr>\n<td width=\"265\"><strong>POSTDOCS<\/strong><\/td>\n<td width=\"56\"><strong>Office<\/strong><\/td>\n<td width=\"121\"><strong>Phone<\/strong><\/td>\n<td width=\"226\"><strong>E-mail<\/strong><\/td>\n<\/tr>\n<tr>\n<td width=\"265\">D. Sc. Marko Per\u010di\u0107<\/td>\n<td width=\"56\">O-S16<\/td>\n<td width=\"121\">(051) 651-539<\/td>\n<td width=\"226\"><a href=\"mailto:marko.percic@riteh.hr\">marko.percic@riteh.hr<\/a><\/td>\n<\/tr>\n<tr>\n<td width=\"265\"><strong>ASSISTANTS<\/strong><\/td>\n<td width=\"56\"><strong>Office<\/strong><\/td>\n<td width=\"121\"><strong>Phone<\/strong><\/td>\n<td width=\"226\"><strong>E-mail<\/strong><\/td>\n<\/tr>\n<tr>\n<td width=\"265\">Tomislav Bazina<\/td>\n<td width=\"56\">O-S17<\/td>\n<td width=\"121\">(051) 584-766<\/td>\n<td width=\"226\"><a href=\"mailto:tbazina@riteh.hr\">tbazina@riteh.hr<\/a><\/td>\n<\/tr>\n<tr>\n<td width=\"265\">Petar Glju\u0161\u0107i\u0107<\/td>\n<td width=\"56\">O-S17<\/td>\n<td width=\"121\">(051) 584-766<\/td>\n<td width=\"226\"><a href=\"mailto:petar.gljuscic@riteh.hr\">petar.gljuscic@riteh.hr<\/a><\/td>\n<\/tr>\n<\/tbody>\n<\/table>\n<p><\/p>","protected":false},"excerpt":{"rendered":"<p>FULL PROFESSORS\u00a0 Office Phone E-mail Prof. D. Sc. Sa\u0161a Zelenika O-S14 (051) 651-538 sasa.zelenika@riteh.hr ASSISTANT PROFESSORS Office Phone E-mail Assist. Prof. D. Sc. Ervin Kamenar (Head of the laboratory) O-S17 (051) 584-766 ekamenar@riteh.hr Assist. Prof. D. Sc. Kristina Markovi\u0107 O-S15 (051) 651-535 kristina.markovic@riteh.hr Assist. Prof. D. Sc. Jelena Srnec Novak O-S16 (051) 651-539 jsrnecnovak@riteh.hr POSTDOCS [&hellip;]<\/p>\n","protected":false},"author":2,"featured_media":0,"parent":0,"menu_order":0,"comment_status":"closed","ping_status":"closed","template":"","meta":[],"_links":{"self":[{"href":"https:\/\/nanori.uniri.hr\/lpemnt\/wp-json\/wp\/v2\/pages\/1603"}],"collection":[{"href":"https:\/\/nanori.uniri.hr\/lpemnt\/wp-json\/wp\/v2\/pages"}],"about":[{"href":"https:\/\/nanori.uniri.hr\/lpemnt\/wp-json\/wp\/v2\/types\/page"}],"author":[{"embeddable":true,"href":"https:\/\/nanori.uniri.hr\/lpemnt\/wp-json\/wp\/v2\/users\/2"}],"replies":[{"embeddable":true,"href":"https:\/\/nanori.uniri.hr\/lpemnt\/wp-json\/wp\/v2\/comments?post=1603"}],"version-history":[{"count":2,"href":"https:\/\/nanori.uniri.hr\/lpemnt\/wp-json\/wp\/v2\/pages\/1603\/revisions"}],"predecessor-version":[{"id":1610,"href":"https:\/\/nanori.uniri.hr\/lpemnt\/wp-json\/wp\/v2\/pages\/1603\/revisions\/1610"}],"wp:attachment":[{"href":"https:\/\/nanori.uniri.hr\/lpemnt\/wp-json\/wp\/v2\/media?parent=1603"}],"curies":[{"name":"wp","href":"https:\/\/api.w.org\/{rel}","templated":true}]}}