{"id":1603,"date":"2020-10-20T14:31:53","date_gmt":"2020-10-20T12:31:53","guid":{"rendered":"http:\/\/nanori.uniri.hr\/lpemnt\/?page_id=1603"},"modified":"2020-10-20T14:39:44","modified_gmt":"2020-10-20T12:39:44","slug":"people","status":"publish","type":"page","link":"https:\/\/nanori.uniri.hr\/lpemnt\/hr\/people\/","title":{"rendered":"Djelatnici"},"content":{"rendered":"<p><\/p>\n<table width=\"678\">\n<tbody>\n<tr>\n<td width=\"265\"><strong>REDOVITI PROFESORI<\/strong><\/td>\n<td width=\"56\"><strong>Ured<\/strong><\/td>\n<td width=\"121\"><strong>Telefon <\/strong><\/td>\n<td width=\"226\"><strong>E-mail<\/strong><\/td>\n<\/tr>\n<tr>\n<td width=\"265\">prof. dr. sc. Sa\u0161a Zelenika<\/td>\n<td width=\"56\">O-S14<\/td>\n<td width=\"121\">(051) 651-538<\/td>\n<td width=\"226\"><a href=\"mailto:sasa.zelenika@riteh.hr\">sasa.zelenika@riteh.hr<\/a><\/td>\n<\/tr>\n<tr>\n<td width=\"265\"><strong>DOCENTI<\/strong><\/td>\n<td width=\"56\"><strong>Ured<\/strong><\/td>\n<td width=\"121\"><strong>Telefon <\/strong><\/td>\n<td width=\"226\"><strong>E-mail<\/strong><\/td>\n<\/tr>\n<tr>\n<td width=\"265\"><a href=\"https:\/\/ekamenar.github.io\/\" target=\"_blank\" rel=\"noopener\">doc. dr. sc. Ervin Kamenar (voditelj laboratorija)<\/a><\/td>\n<td width=\"56\">O-S17<\/td>\n<td width=\"121\">(051) 584-766<\/td>\n<td width=\"226\"><a href=\"mailto:ekamenar@riteh.hr\">ekamenar@riteh.hr<\/a><\/td>\n<\/tr>\n<tr>\n<td width=\"265\">doc. dr. sc. Kristina Markovi\u0107<\/td>\n<td width=\"56\">O-S15<\/td>\n<td width=\"121\">(051) 651-535<\/td>\n<td width=\"226\"><a href=\"mailto:kristina.markovic@riteh.hr\">kristina.markovic@riteh.hr<\/a><\/td>\n<\/tr>\n<tr>\n<td width=\"265\">doc. dr. sc. Jelena Srnec Novak<\/td>\n<td width=\"56\">O-S16<\/td>\n<td width=\"121\">(051) 651-539<\/td>\n<td width=\"226\"><a href=\"mailto:jsrnecnovak@riteh.hr\">jsrnecnovak@riteh.hr<\/a><\/td>\n<\/tr>\n<tr>\n<td width=\"265\"><strong>POSLIJEDOKTORANDI<\/strong><\/td>\n<td width=\"56\"><strong>Ured<\/strong><\/td>\n<td width=\"121\"><strong>Telefon <\/strong><\/td>\n<td width=\"226\"><strong>E-mail<\/strong><\/td>\n<\/tr>\n<tr>\n<td width=\"265\">dr. sc. Marko Per\u010di\u0107<\/td>\n<td width=\"56\">O-S16<\/td>\n<td width=\"121\">(051) 651-539<\/td>\n<td width=\"226\"><a href=\"mailto:marko.percic@riteh.hr\">marko.percic@riteh.hr<\/a><\/td>\n<\/tr>\n<tr>\n<td width=\"265\"><strong>ASISTENTI<\/strong><\/td>\n<td width=\"56\"><strong>Ured<\/strong><\/td>\n<td width=\"121\"><strong>Telefon <\/strong><\/td>\n<td width=\"226\"><strong>E-mail<\/strong><\/td>\n<\/tr>\n<tr>\n<td width=\"265\">Tomislav Bazina<\/td>\n<td width=\"56\">O-S17<\/td>\n<td width=\"121\">(051) 584-766<\/td>\n<td width=\"226\"><a href=\"mailto:tbazina@riteh.hr\">tbazina@riteh.hr<\/a><\/td>\n<\/tr>\n<tr>\n<td width=\"265\">Petar Glju\u0161\u0107i\u0107<\/td>\n<td width=\"56\">O-S17<\/td>\n<td width=\"121\">(051) 584-766<\/td>\n<td width=\"226\"><a href=\"mailto:petar.gljuscic@riteh.hr\">petar.gljuscic@riteh.hr<\/a><\/td>\n<\/tr>\n<\/tbody>\n<\/table>\n<p><\/p>","protected":false},"excerpt":{"rendered":"<p>REDOVITI PROFESORI Ured Telefon E-mail prof. dr. sc. Sa\u0161a Zelenika O-S14 (051) 651-538 sasa.zelenika@riteh.hr DOCENTI Ured Telefon E-mail doc. dr. sc. Ervin Kamenar (voditelj laboratorija) O-S17 (051) 584-766 ekamenar@riteh.hr doc. dr. sc. Kristina Markovi\u0107 O-S15 (051) 651-535 kristina.markovic@riteh.hr doc. dr. sc. Jelena Srnec Novak O-S16 (051) 651-539 jsrnecnovak@riteh.hr POSLIJEDOKTORANDI Ured Telefon E-mail dr. sc. Marko [&hellip;]<\/p>\n","protected":false},"author":2,"featured_media":0,"parent":0,"menu_order":0,"comment_status":"closed","ping_status":"closed","template":"","meta":[],"_links":{"self":[{"href":"https:\/\/nanori.uniri.hr\/lpemnt\/hr\/wp-json\/wp\/v2\/pages\/1603"}],"collection":[{"href":"https:\/\/nanori.uniri.hr\/lpemnt\/hr\/wp-json\/wp\/v2\/pages"}],"about":[{"href":"https:\/\/nanori.uniri.hr\/lpemnt\/hr\/wp-json\/wp\/v2\/types\/page"}],"author":[{"embeddable":true,"href":"https:\/\/nanori.uniri.hr\/lpemnt\/hr\/wp-json\/wp\/v2\/users\/2"}],"replies":[{"embeddable":true,"href":"https:\/\/nanori.uniri.hr\/lpemnt\/hr\/wp-json\/wp\/v2\/comments?post=1603"}],"version-history":[{"count":2,"href":"https:\/\/nanori.uniri.hr\/lpemnt\/hr\/wp-json\/wp\/v2\/pages\/1603\/revisions"}],"predecessor-version":[{"id":1610,"href":"https:\/\/nanori.uniri.hr\/lpemnt\/hr\/wp-json\/wp\/v2\/pages\/1603\/revisions\/1610"}],"wp:attachment":[{"href":"https:\/\/nanori.uniri.hr\/lpemnt\/hr\/wp-json\/wp\/v2\/media?parent=1603"}],"curies":[{"name":"wp","href":"https:\/\/api.w.org\/{rel}","templated":true}]}}