{"id":42,"date":"2018-02-08T12:25:20","date_gmt":"2018-02-08T12:25:20","guid":{"rendered":"http:\/\/nanori.uniri.hr\/?page_id=42"},"modified":"2022-10-21T14:51:07","modified_gmt":"2022-10-21T12:51:07","slug":"laboratories","status":"publish","type":"page","link":"https:\/\/nanori.uniri.hr\/hr\/laboratories\/","title":{"rendered":"Laboratoriji"},"content":{"rendered":"<p>&nbsp;<\/p>\n<ul style=\"text-align: left;\">\n<li>\n<h5><a href=\"http:\/\/nanori.uniri.hr\/lpemnt\/hr\/\">Laboratorij za precizno in\u017eenjerstvo i tehnologiju mikro- i nanosustava<\/a><\/h5>\n<\/li>\n<li>\n<h5 class=\"entry-title\"><a href=\"http:\/\/nanori.uniri.hr\/lqno\/hr\/\">Laboratorij za kvantnu i nelinearnu optiku<\/a><\/h5>\n<\/li>\n<li>\n<h5 class=\"entry-title\"><a href=\"http:\/\/nanori.uniri.hr\/lsfm\/hr\/\">Laboratorij za\u00a0sintezu funkcionalnih materijala<\/a><\/h5>\n<\/li>\n<li>\n<h5 class=\"entry-title\"><a href=\"http:\/\/nanori.uniri.hr\/ltm\/hr\/\">Laboratorij za transportna mjerenja<\/a><\/h5>\n<\/li>\n<li>\n<h5 class=\"entry-title\"><a href=\"http:\/\/nanori.uniri.hr\/lss\/hr\/\">Laboratorij za fiziku povr\u0161ina<\/a><\/h5>\n<\/li>\n<li>\n<h5 class=\"entry-title\"><a href=\"http:\/\/nanori.uniri.hr\/ltf\/hr\/\">Laboratorij za tanke filmove<\/a><\/h5>\n<\/li>\n<li>\n<h5><a href=\"http:\/\/nanori.uniri.hr\/lsem\/hr\/\">Laboratorij za pretra\u017enu elektronsku mikroskopiju<\/a><\/h5>\n<\/li>\n<li>\n<h5><a href=\"http:\/\/nanori.uniri.hr\/lmr\/\">Laboratorij za makromolekularna istra\u017eivanja<\/a><\/h5>\n<\/li>\n<li>\n<h5><a href=\"https:\/\/collsurf.uniri.hr\/\">Laboratorij za koloide, polielektrolite i me\u0111upovr\u0161ine<\/a><\/h5>\n<\/li>\n<\/ul>\n<p><\/p>","protected":false},"excerpt":{"rendered":"<p>&nbsp; Laboratorij za precizno in\u017eenjerstvo i tehnologiju mikro- i nanosustava Laboratorij za kvantnu i nelinearnu optiku Laboratorij za\u00a0sintezu funkcionalnih materijala Laboratorij za transportna mjerenja Laboratorij za fiziku povr\u0161ina Laboratorij za tanke filmove Laboratorij za pretra\u017enu elektronsku mikroskopiju Laboratorij za makromolekularna istra\u017eivanja Laboratorij za koloide, polielektrolite i me\u0111upovr\u0161ine<\/p>\n","protected":false},"author":2,"featured_media":0,"parent":0,"menu_order":0,"comment_status":"closed","ping_status":"closed","template":"","meta":[],"_links":{"self":[{"href":"https:\/\/nanori.uniri.hr\/hr\/wp-json\/wp\/v2\/pages\/42"}],"collection":[{"href":"https:\/\/nanori.uniri.hr\/hr\/wp-json\/wp\/v2\/pages"}],"about":[{"href":"https:\/\/nanori.uniri.hr\/hr\/wp-json\/wp\/v2\/types\/page"}],"author":[{"embeddable":true,"href":"https:\/\/nanori.uniri.hr\/hr\/wp-json\/wp\/v2\/users\/2"}],"replies":[{"embeddable":true,"href":"https:\/\/nanori.uniri.hr\/hr\/wp-json\/wp\/v2\/comments?post=42"}],"version-history":[{"count":20,"href":"https:\/\/nanori.uniri.hr\/hr\/wp-json\/wp\/v2\/pages\/42\/revisions"}],"predecessor-version":[{"id":13417,"href":"https:\/\/nanori.uniri.hr\/hr\/wp-json\/wp\/v2\/pages\/42\/revisions\/13417"}],"wp:attachment":[{"href":"https:\/\/nanori.uniri.hr\/hr\/wp-json\/wp\/v2\/media?parent=42"}],"curies":[{"name":"wp","href":"https:\/\/api.w.org\/{rel}","templated":true}]}}