{"id":40,"date":"2018-02-08T12:25:20","date_gmt":"2018-02-08T12:25:20","guid":{"rendered":"http:\/\/nanori.uniri.hr\/?page_id=40"},"modified":"2018-03-01T13:08:13","modified_gmt":"2018-03-01T12:08:13","slug":"about-us","status":"publish","type":"page","link":"https:\/\/nanori.uniri.hr\/hr\/about-us\/","title":{"rendered":"O Nama"},"content":{"rendered":"<p>Centar za mikro- i nanoznanosti i tehnologije je ustrojbena jedinica Sve\u010dili\u0161ta u Rijeci koja na podru\u010dju mikro i nano znanosti i tehnologija te u\u00a0\u00a0 multidisciplinarnim i interdisciplinarnim podru\u010djima znanosti:<\/p>\n<ul>\n<li>obavlja i razvija znanstveno-istra\u017eiva\u010dke i visokostru\u010dne aktivnosti,<\/li>\n<li>predla\u017ee i izvodi znanstvene i razvojne projekte,<\/li>\n<li>poti\u010de i provodi me\u0111unarodnu znanstvenu suradnju,<\/li>\n<li>provodi projekte, studije i ekspertize u suradnji s gospodarstvom,<\/li>\n<li>osigurava znanstvenu opremu i usluge drugim znanstvenim i privrednim subjektima na temelju znanstvene izvrsnosti ili na komercijalnim osnovama,<\/li>\n<li>izvodi konzalting (savjetovanje) i transfer tehnologija,<\/li>\n<li>predla\u017ee i pokre\u0107e ili osuvremenjava kolegije iz navedenih podru\u010dja na sastavnicama i podru\u017enicama Sveu\u010dili\u0161ta;<\/li>\n<li>izvodi dio nastave sastavnica i podru\u017enica Sveu\u010dili\u0161ta u laboratorijima Centra,<\/li>\n<li>izvodi programe stalnog stru\u010dnog i znanstvenog usavr\u0161avanja te znanstvenog i stru\u010dnog osposobljavanja,<\/li>\n<li>organizira i odr\u017eava ljetne \u0161kole i druge privremene ili stalne oblike promicanja i primjene znanja te cjelo\u017eivotnog obrazovanja,<\/li>\n<li>provodi mentorstvo znanstvenim novacima i poslijedoktorandima,<\/li>\n<li>organizira i odr\u017eava znanstvene i stru\u010dne skupove.<\/li>\n<\/ul>\n<p><a href=\"http:\/\/nanori.uniri.hr\/wp-content\/uploads\/2018\/02\/Capture.jpg\"><img decoding=\"async\" loading=\"lazy\" class=\"alignnone wp-image-271\" src=\"http:\/\/nanori.uniri.hr\/wp-content\/uploads\/2018\/02\/Capture.jpg\" alt=\"\" width=\"937\" height=\"448\" \/><\/a><\/p>","protected":false},"excerpt":{"rendered":"<p>Centar za mikro- i nanoznanosti i tehnologije je ustrojbena jedinica Sve\u010dili\u0161ta u Rijeci koja na podru\u010dju mikro i nano znanosti i tehnologija te u\u00a0\u00a0 multidisciplinarnim i interdisciplinarnim podru\u010djima znanosti: obavlja i razvija znanstveno-istra\u017eiva\u010dke i visokostru\u010dne aktivnosti, predla\u017ee i izvodi znanstvene i razvojne projekte, poti\u010de i provodi me\u0111unarodnu znanstvenu suradnju, provodi projekte, studije i ekspertize u [&hellip;]<\/p>\n","protected":false},"author":2,"featured_media":0,"parent":0,"menu_order":0,"comment_status":"closed","ping_status":"closed","template":"","meta":[],"_links":{"self":[{"href":"https:\/\/nanori.uniri.hr\/hr\/wp-json\/wp\/v2\/pages\/40"}],"collection":[{"href":"https:\/\/nanori.uniri.hr\/hr\/wp-json\/wp\/v2\/pages"}],"about":[{"href":"https:\/\/nanori.uniri.hr\/hr\/wp-json\/wp\/v2\/types\/page"}],"author":[{"embeddable":true,"href":"https:\/\/nanori.uniri.hr\/hr\/wp-json\/wp\/v2\/users\/2"}],"replies":[{"embeddable":true,"href":"https:\/\/nanori.uniri.hr\/hr\/wp-json\/wp\/v2\/comments?post=40"}],"version-history":[{"count":22,"href":"https:\/\/nanori.uniri.hr\/hr\/wp-json\/wp\/v2\/pages\/40\/revisions"}],"predecessor-version":[{"id":362,"href":"https:\/\/nanori.uniri.hr\/hr\/wp-json\/wp\/v2\/pages\/40\/revisions\/362"}],"wp:attachment":[{"href":"https:\/\/nanori.uniri.hr\/hr\/wp-json\/wp\/v2\/media?parent=40"}],"curies":[{"name":"wp","href":"https:\/\/api.w.org\/{rel}","templated":true}]}}