{"id":340,"date":"2018-03-01T12:45:08","date_gmt":"2018-03-01T11:45:08","guid":{"rendered":"http:\/\/nanori.uniri.hr\/?page_id=340"},"modified":"2022-10-12T12:32:15","modified_gmt":"2022-10-12T10:32:15","slug":"people","status":"publish","type":"page","link":"https:\/\/nanori.uniri.hr\/hr\/people\/","title":{"rendered":"Djelatnici"},"content":{"rendered":"<p><\/p>\n<table width=\"678\">\n<tbody>\n<tr>\n<td width=\"265\"><strong>REDOVITI PROFESORI<\/strong><\/td>\n<td width=\"56\"><strong>Ured<\/strong><\/td>\n<td width=\"121\"><strong>Telefon<\/strong><\/td>\n<td width=\"226\"><strong>E-mail<\/strong><\/td>\n<\/tr>\n<tr>\n<td width=\"265\">prof. dr. sc. Mladen Petravi\u0107<\/td>\n<td width=\"56\">O-113<\/td>\n<td width=\"121\">(051) 584-622<\/td>\n<td width=\"226\"><a href=\"mailto:mpetravic@phy.uniri.hr\">mpetravic@phy.uniri.hr<\/a><\/td>\n<\/tr>\n<tr>\n<td width=\"265\">prof. dr. sc. Sre\u0107ko Vali\u0107<\/td>\n<td width=\"56\">O-812<\/td>\n<td width=\"121\">(051) 651-134<\/td>\n<td width=\"226\"><a href=\"mailto:svalic@medri.uniri.hr\">svalic@medri.uniri.hr<\/a><\/td>\n<\/tr>\n<tr>\n<td width=\"265\">prof. dr. sc. Sa\u0161a Zelenika<\/td>\n<td width=\"56\">O-S14<\/td>\n<td width=\"121\">(051) 651-538<\/td>\n<td width=\"226\"><a href=\"mailto:sasa.zelenika@riteh.hr\">sasa.zelenika@riteh.hr<\/a><\/td>\n<\/tr>\n<tr>\n<td width=\"265\"><strong>PO\u010cASNI PROFESORI<\/strong><\/td>\n<td width=\"56\"><strong>Ured<\/strong><\/td>\n<td width=\"121\"><strong>Telefon<\/strong><\/td>\n<td width=\"226\"><strong>E-mail<\/strong><\/td>\n<\/tr>\n<tr>\n<td width=\"265\">prof. dr. sc. Igor Mezi\u0107<\/td>\n<td width=\"56\">O-S14<\/td>\n<td width=\"121\">(051) 651-538<\/td>\n<td width=\"226\"><a href=\"mailto:mezic@engineering.ucsb.edu\">mezic@engineering.ucsb.edu<\/a><\/td>\n<\/tr>\n<tr>\n<td width=\"265\"><strong>IZVANREDNI PROFESORI<\/strong><\/td>\n<td width=\"56\"><strong>Ured<\/strong><\/td>\n<td width=\"121\"><strong>Telefon<\/strong><\/td>\n<td width=\"226\"><strong>E-mail<\/strong><\/td>\n<\/tr>\n<tr>\n<td width=\"265\">izv. prof. dr. sc. Marin Karuza<\/td>\n<td width=\"56\">O-118<\/td>\n<td width=\"121\">(051) 584-611<\/td>\n<td width=\"226\"><a href=\"mailto:mkaruza@nanori.uniri.hr\">mkaruza@nanori.uniri.hr<\/a><\/td>\n<\/tr>\n<tr>\n<td width=\"265\">izv. prof. dr. sc. Gabriela Ambro\u017ei\u0107<\/td>\n<td width=\"56\">O-013<\/td>\n<td width=\"121\">(051) 584-632<\/td>\n<td width=\"226\"><a href=\"mailto:gabriela.ambrozic@phy.uniri.hr\">gabriela.ambrozic@phy.uniri.hr<\/a><\/td>\n<\/tr>\n<tr>\n<td width=\"265\"><strong>DOCENTI<\/strong><\/td>\n<td width=\"56\"><strong>Ured<\/strong><\/td>\n<td width=\"121\"><strong>Telefon<\/strong><\/td>\n<td width=\"226\"><strong>E-mail<\/strong><\/td>\n<\/tr>\n<tr>\n<td width=\"265\">doc. dr. sc. Du\u0161ko \u010cakara<\/td>\n<td width=\"56\">O-811<\/td>\n<td width=\"121\">(051) 584-555<\/td>\n<td width=\"226\"><a href=\"mailto:dcakara@uniri.hr\">dcakara@uniri.hr<\/a><\/td>\n<\/tr>\n<tr>\n<td width=\"265\">doc. dr. sc. Ivana Jelovica Badovinac<\/td>\n<td width=\"56\">O-115<\/td>\n<td width=\"121\">(051) 584-607<\/td>\n<td width=\"226\"><a href=\"mailto:ijelov@phy.uniri.hr\">ijelov@phy.uniri.hr<\/a><\/td>\n<\/tr>\n<tr>\n<td width=\"265\">doc. dr. sc. Ervin Kamenar<\/td>\n<td width=\"56\">O-S17<\/td>\n<td width=\"121\">(051) 584-766<\/td>\n<td width=\"226\"><a href=\"mailto:ekamenar@riteh.hr\">ekamenar@riteh.hr<\/a><\/td>\n<\/tr>\n<tr>\n<td width=\"265\">doc. dr. sc. Ivna Kavre Piltaver<\/td>\n<td width=\"56\">O-118<\/td>\n<td width=\"121\">(051) 584-618<\/td>\n<td width=\"226\"><a href=\"mailto:ivna.kavre@uniri.hr\">ivna.kavre@uniri.hr<\/a><\/td>\n<\/tr>\n<tr>\n<td width=\"265\">doc. dr. sc. Damir Klepac<\/td>\n<td width=\"56\">O-S15<\/td>\n<td width=\"121\">(051) 651-187<\/td>\n<td width=\"226\"><a href=\"mailto:damir.klepac@medri.uniri.hr\">damir.klepac@medri.uniri.hr<\/a><\/td>\n<\/tr>\n<tr>\n<td width=\"265\">doc. dr. sc. Kristina Markovi\u0107<\/td>\n<td width=\"56\">O-S15<\/td>\n<td width=\"121\">(051) 651-535<\/td>\n<td width=\"226\"><a href=\"mailto:kristina.markovic@riteh.hr\">kristina.markovic@riteh.hr<\/a><\/td>\n<\/tr>\n<tr>\n<td width=\"265\">doc. dr. sc. Ale\u0161 Omerzu<\/td>\n<td width=\"56\">O-112<\/td>\n<td width=\"121\">(051) 584-634<\/td>\n<td width=\"226\"><a href=\"mailto:aomerzu@phy.uniri.hr\">aomerzu@phy.uniri.hr<\/a><\/td>\n<\/tr>\n<tr>\n<td width=\"265\">doc. dr. sc. Robert Peter<\/td>\n<td width=\"56\">O-112<\/td>\n<td width=\"121\">(051) 584-621<\/td>\n<td width=\"226\"><a href=\"mailto:rpeter@phy.uniri.hr\">rpeter@phy.uniri.hr<\/a><\/td>\n<\/tr>\n<tr>\n<td width=\"265\">doc. dr. sc. Jelena Srnec Novak<\/td>\n<td width=\"56\">O-S16<\/td>\n<td width=\"121\">(051) 651-539<\/td>\n<td width=\"226\"><a href=\"mailto:jsrnecnovak@riteh.hr\">jsrnecnovak@riteh.hr<\/a><\/td>\n<\/tr>\n<tr>\n<td width=\"265\">doc. dr. sc. Iva \u0160ari\u0107<\/td>\n<td width=\"56\">O-118<\/td>\n<td width=\"121\">(051) 584-638<\/td>\n<td width=\"226\"><a href=\"mailto:iva.saric@phy.uniri.hr\">iva.saric@phy.uniri.hr<\/a><\/td>\n<\/tr>\n<tr>\n<td width=\"265\"><strong>POSLIJEDOKTORANDI<\/strong><\/td>\n<td width=\"56\"><strong>Ured<\/strong><\/td>\n<td width=\"121\"><strong>Telefon<\/strong><\/td>\n<td width=\"226\"><strong>E-mail<\/strong><\/td>\n<\/tr>\n<tr>\n<td width=\"265\">dr. sc. Marko Per\u010di\u0107<\/td>\n<td width=\"56\">O-S16<\/td>\n<td width=\"121\">(051) 651-539<\/td>\n<td width=\"226\"><a href=\"mailto:marko.percic@riteh.hr\">marko.percic@riteh.hr<\/a><\/td>\n<\/tr>\n<tr>\n<td width=\"265\">dr. sc. Maria Kolympadi Markovic<\/td>\n<td width=\"56\">O-013<\/td>\n<td width=\"121\">(051) 584-643<\/td>\n<td width=\"226\"><a href=\"mailto:maria.kolympadi@phy.uniri.hr\">maria.kolympadi@phy.uniri.hr<\/a><\/td>\n<\/tr>\n<tr>\n<td width=\"265\">dr. sc. Petar Glju\u0161\u0107i\u0107<\/td>\n<td width=\"56\">O-S17<\/td>\n<td width=\"121\">(051) 584-766<\/td>\n<td width=\"226\"><a href=\"mailto:petar.gljuscic@riteh.hr\">petar.gljuscic@riteh.hr<\/a><\/td>\n<\/tr>\n<tr>\n<td width=\"265\"><strong>ASISTENTI<\/strong><\/td>\n<td width=\"56\"><strong>Ured<\/strong><\/td>\n<td width=\"121\"><strong>Telefon<\/strong><\/td>\n<td width=\"226\"><strong>E-mail<\/strong><\/td>\n<\/tr>\n<tr>\n<td width=\"265\">Tomislav Bazina<\/td>\n<td width=\"56\">O-S17<\/td>\n<td width=\"121\">(051) 584-766<\/td>\n<td width=\"226\"><a href=\"mailto:tbazina@riteh.hr\">tbazina@riteh.hr<\/a><\/td>\n<\/tr>\n<tr>\n<td width=\"265\">Daria Jardas<\/td>\n<td width=\"56\">O-S15<\/td>\n<td width=\"121\">(051) 584-768<\/td>\n<td width=\"226\"><a href=\"mailto:daria.jardas@phy.uniri.hr\">daria.jardas@phy.uniri.hr<\/a><\/td>\n<\/tr>\n<tr>\n<td width=\"265\">Vedran Vujnovi\u0107<\/td>\n<td width=\"56\">O-S16<\/td>\n<td width=\"121\">(051)\u00a0584-767<\/td>\n<td width=\"226\"><a href=\"mailto:vedran.vujnovic@phy.uniri.hr\">vedran.vujnovic@phy.uniri.hr<\/a><\/td>\n<\/tr>\n<\/tbody>\n<\/table>\n<p><\/p>","protected":false},"excerpt":{"rendered":"<p>REDOVITI PROFESORI Ured Telefon E-mail prof. dr. sc. Mladen Petravi\u0107 O-113 (051) 584-622 mpetravic@phy.uniri.hr prof. dr. sc. Sre\u0107ko Vali\u0107 O-812 (051) 651-134 svalic@medri.uniri.hr prof. dr. sc. Sa\u0161a Zelenika O-S14 (051) 651-538 sasa.zelenika@riteh.hr PO\u010cASNI PROFESORI Ured Telefon E-mail prof. dr. sc. Igor Mezi\u0107 O-S14 (051) 651-538 mezic@engineering.ucsb.edu IZVANREDNI PROFESORI Ured Telefon E-mail izv. prof. dr. sc. [&hellip;]<\/p>\n","protected":false},"author":2,"featured_media":0,"parent":0,"menu_order":0,"comment_status":"closed","ping_status":"closed","template":"","meta":[],"_links":{"self":[{"href":"https:\/\/nanori.uniri.hr\/hr\/wp-json\/wp\/v2\/pages\/340"}],"collection":[{"href":"https:\/\/nanori.uniri.hr\/hr\/wp-json\/wp\/v2\/pages"}],"about":[{"href":"https:\/\/nanori.uniri.hr\/hr\/wp-json\/wp\/v2\/types\/page"}],"author":[{"embeddable":true,"href":"https:\/\/nanori.uniri.hr\/hr\/wp-json\/wp\/v2\/users\/2"}],"replies":[{"embeddable":true,"href":"https:\/\/nanori.uniri.hr\/hr\/wp-json\/wp\/v2\/comments?post=340"}],"version-history":[{"count":71,"href":"https:\/\/nanori.uniri.hr\/hr\/wp-json\/wp\/v2\/pages\/340\/revisions"}],"predecessor-version":[{"id":13391,"href":"https:\/\/nanori.uniri.hr\/hr\/wp-json\/wp\/v2\/pages\/340\/revisions\/13391"}],"wp:attachment":[{"href":"https:\/\/nanori.uniri.hr\/hr\/wp-json\/wp\/v2\/media?parent=340"}],"curies":[{"name":"wp","href":"https:\/\/api.w.org\/{rel}","templated":true}]}}