{"id":257,"date":"2018-02-27T11:50:08","date_gmt":"2018-02-27T11:50:08","guid":{"rendered":"http:\/\/nanori.uniri.hr\/?page_id=257"},"modified":"2022-03-29T10:45:01","modified_gmt":"2022-03-29T08:45:01","slug":"publications","status":"publish","type":"page","link":"https:\/\/nanori.uniri.hr\/hr\/publications\/","title":{"rendered":"Publikacije"},"content":{"rendered":"<p><\/p>\n<h4>2021<\/h4>\n<hr \/>\n<p>M. Per\u010di\u0107, S. Zelenika, I. Mezi\u0107, <strong>Artificial intelligence-based predictive model of nanoscale friction using experimental data<\/strong>, <em>Friction<\/em> 9 (2021) 6; 1726-1748. (Q1\/Exc, IF 6.167)<\/p>\n<hr \/>\n<p>P. Glju\u0161\u0107i\u0107, S. Zelenika, <strong>Experimental characterization of optimized piezoelectric energy harvesters for wearable sensor networks<\/strong>, <em>Sensors<\/em> 21 (2021), 21; 7042, 25. (Q1, IF 3.576)<\/p>\n<hr \/>\n<p>R. Peter, M. Petravi\u0107<strong>, Initial stages of oxide formation on copper surfaces during oxygen bombardment at room temperature<\/strong>, <em>Journal of Physical Chemistry C<\/em> 125 (2021) 25290\u201325297. (Q1\/Exc, IF 4.126)<\/p>\n<hr \/>\n<p>M. Vranki\u0107, A. \u0160ari\u0107, T. Nakagawa, Y. Ding, I. Despotovi\u0107, L. Kanizaj, H. Ishii, N. Hiraoka, G. Dra\u017ei\u0107, D. L\u00fctzenkirchen-Hecht, R. Peter, M. Petravi\u0107, <strong>Pressure-induced and flaring photocatalytic diversity of ZnO particles hallmarked by finely tuned pathways<\/strong>, <em>Journal of Alloys and Compounds<\/em> 894, 162444 (2021). (Q1, IF 5.316)<\/p>\n<hr \/>\n<p>A. Omerzu, R. Peter, D. Jardas, I. Turelc, K. Salamon, M. Podlogar, D. Vengust, I. Jelovica Badovinac, I. Kavre Piltaver, M. Petravi\u0107,<strong> Large enhancement of photocatalytic activity in ZnO thin films grown by plasma-enhanced atomic layer deposition<\/strong>, <em>Surfaces and Interfaces<\/em> 23 (2021) 100984. (Q1, IF 4.837)<\/p>\n<hr \/>\n<p>I. \u0160ari\u0107, M. Kolympadi Markovi\u0107, R. Peter, P. Lini\u0107, K. Wittine, I. Kavre Piltaver, I. Jelovica Badovinac, D. Markovi\u0107, M. Knez, G. Ambro\u017ei\u0107,<strong> In-situ multi-step pulsed vapor phase surface functionalization of zirconia nanoparticles via copper-free click chemistry<\/strong>, <em>Applied Surface Science<\/em> 539 (2021) 148254. (Q1\/Exc, IF 6.707)<\/p>\n<hr \/>\n<p>K. Ashurbekova, I. \u0160ari\u0107, E. Modin, M. Petravi\u0107, I. Abdulagatov, A. Abdulagatov, M. Knez, <strong>Radical-triggered cross-linking for molecular layer deposition of SiAlCOH hybrid thin films<\/strong>, <em>ChemComm<\/em> 57 (2021) 2160-2163. (Q1\/Exc, IF 6.222)<\/p>\n<hr \/>\n<p>K. Ashurbekova, I. \u0160ari\u0107, M. Gobbi, E. Modin, A. Chuvilin, M. Petravi\u0107, I. Abdulagatov, M. Knez, <strong>Ultrathin Hybrid SiAlCOH Dielectric Films through Ring-Opening Molecular Layer Deposition of Cyclic Tetrasiloxane<\/strong>, <em>Chem. Mater.<\/em> 33 (2021) 1022-1030. (Q1\/Exc, IF 9.811)<\/p>\n<hr \/>\n<p>G. Ondra\u0161ek, F. Kranj\u010dec, L. Filipovi\u0107, V. Filipovi\u0107, M. Bubalo Kova\u010di\u0107, I. Jelovica Badovinac, R. Peter, M. Petravi\u0107, J. Macan, Z. Rengel, <strong>Biomass bottom ash &amp; dolomite similarly ameliorate an acidic low-nutrient soil, improve phytonutrition and growth, but increase Cd accumulation in radish<\/strong>, <em>Science of the Total Environment<\/em> 753 (2021) 141902. (Q1\/Exc, IF 7.963)<\/p>\n<hr \/>\n<p>M. Malenica, M. Vukomanovi\u0107, M. Kurtjak, V. Masciotti, S. dal Zilio, S. Greco, M. Lazzarino, V. Kru\u0161i\u0107, M. Per\u010di\u0107, I. Jelovica Badovinac, K. Wechtersbach, I. Vidovi\u0107, V. Bari\u010devi\u0107, S. Vali\u0107, P. Lu\u010din, N. Kojc, K. Grabu\u0161i\u0107, <strong>Perspectives of microscopy methods for morphology characterisation of extracellular vesicles from human biofluids<\/strong>, <em>Biomedicines<\/em> 9 (2021), 6; 603, 29. (Q1, IF 6.081)<\/p>\n<hr \/>\n<p>M. Kurek, N. Benbettaieb, M. \u0160\u010detar, E. Chaudy, I. Elez-Garofuli\u0107, M. Repaji\u0107, D. Klepac, S. Vali\u0107, F. Debeaufort, K. Gali\u0107, <strong>Novel functional chitosan and pectin bio-based packaging films with encapsulated Opuntia-ficus indica waste<\/strong>, <em>Food Bioscience<\/em> 41 (2021) 100980. (Q1, IF 4.24)<\/p>\n<hr \/>\n<p>M. Kurek, N. Benbettaieb, M. \u0160\u010detar, E. Chaudy, M. Repaji\u0107, D. Klepac, S. Vali\u0107, F. Debeaufort, K. Gali\u0107, <strong>Characterization of food packaging films with blackcurrant fruit waste as a source of antioxidant and color sensing intelligent material<\/strong>, <em>Molecules<\/em> 26 (2021) 2569. (Q1, IF 4.148)<\/p>\n<hr \/>\n<p>M. Vidotto, B. Mihaljevi\u0107, G. \u017dauhar, E. Vidovi\u0107, N. Maltar-Strme\u010dki, D. Klepac, S. Vali\u0107, <strong>Effects of \u03b3-radiation on structure and properties of poly(lactic acid) filaments<\/strong>, <em>Radiation physics and chemistry<\/em> 184 (2021) 109456. (Q2, IF 2.858)<\/p>\n<hr \/>\n<p>M. Pelegatti, A. Lanzutti, E. Salvati, J. Srnec Novak, F. De Bona, D. Benasciutti, <strong>Cyclic plasticity and low cycle fatigue of an AISI 316L stainless steel: experimental evaluation of material parameters for durability design<\/strong>, <em>Materials<\/em> 14 (2021), 13; 3588, 20. (Q2, IF 3.621)<\/p>\n<hr \/>\n<p>H. Otmacic Curkovic, M. Ivanko, D. Pop Acev, E. Kamenar, I. Jelovica Badovinac, S. \u0160palj, <strong>Corrosion of dental alloys used for mini implants in simulated oral environment<\/strong>, <em>International Journal of Electrochemical Science<\/em>, 16 (2021), 21085, 13. (Q3, IF 1.573)<\/p>\n<hr \/>\n<p>T. Zibar Bela\u0161i\u0107, B. Pejova, H. Otma\u010di\u0107 \u0106urkovi\u0107, E. Kamenar, B. \u010cetenovi\u0107, S. \u0160palj, <strong>Influence of intraoral application of antiseptics and fluorides during orthodontic treatment on corrosion and mechanical characteristics of nickel-titanium alloy in orthodontic appliances<\/strong>, <em>The Angle Orthodontist<\/em> 91 (2021) 4; 528-537. (Q1, IF 2.079)<\/p>\n<hr \/>\n<p>T. Sharifi, D. Crmaric, M. Kovacic, M. Popovic, M. Kraljic Rokovic, H. Kusic, D. Jozi\u0107, G. Ambro\u017ei\u0107, D. Kralj, J. Kontrec, B. Zener, U. Lavrencic Stangar, D. Dionysiou, A. Loncaric Bozic, <strong>Tailored BiVO4 for enhanced visible-light photocatalytic performance<\/strong>, <em>Journal of Environmental Chemical Engineering<\/em> 9 (2021) 106025. (Q1, IF 5.876)<\/p>\n<hr \/>\n<h4>2020<\/h4>\n<hr \/>\n<hr \/>\n<p>G. Ambro\u017ei\u0107, M. Kolympadi Markovic, R. Peter, I. Kavre Piltaver, I. Jelovica Badovinac, Du\u0161ko \u010cakara, D. Markovi\u0107, M. Knez, <strong>Building organosilica hybrid nanohemispheres via thiol-ene click reaction on alumina thin films deposited by atomic layer deposition (ALD)<\/strong>, \u200e<em>J. Colloid Interface Sci<\/em>. 560 (2020) 303 -311.<\/p>\n<hr \/>\n<p>M. Kolympadi Markovic, R. Peter, I. Jelovica Badovinac, I. Sari\u0107, M. Per\u010di\u0107, R. Radi\u010di\u0107, D. Markovi\u0107, M. Knez, G. Ambro\u017ei\u0107,<strong> &#8216;Sandwich&#8217;-like hybrid ZnO thin films produced by a combination of atomic layer deposition and wet-chemistry using a mercapto silane as single organic precursor<\/strong>, <em>Nanotechnology<\/em> (0957-4484) 31 (2020), 18; 185603, 12.<\/p>\n<hr \/>\n<p>R. Peter, K. Salamon, A. Omerzu, J. Grenzer, I. Jelovica Badovinac, I. \u0160ari\u0107, M. Petravi\u0107, <strong>Role of Hydrogen-Related Defects in Photocatalytic Activity of ZnO Films Grown by Atomic Layer Deposition<\/strong>, <em>J. Phys. Chem. C<\/em> 124 (2020) 16; 8861-8868.<\/p>\n<hr \/>\n<p>I. Jelovica Badovinac, R. Peter, A. Omerzu, K. Salamon, I. \u0160ari\u0107, A. Samar\u017eija, M. Per\u010di\u0107, I. Kavre Piltaver, G. Ambro\u017ei\u0107, M. Petravi\u0107, <strong>Grain size effect on photocatalytic activity of TiO2 thin films grown by atomic layer deposition<\/strong>, <em>Thin Solid Films<\/em> 709 (2020); 138215, 8.<\/p>\n<hr \/>\n<p>\u017d. Petrovi\u0107, A. \u0160ari\u0107, I. Despotovi\u0107, J. Kati\u0107, R. Peter, M. Petravi\u0107, M. Petkovi\u0107,<strong> A New Insight into Coating\u2019s Formation Mechanism Between TiO2 and Alendronate on Titanium Dental Implant<\/strong>,<em> Materials 13<\/em> (2020), 14; 3220, 16.<\/p>\n<hr \/>\n<p>M. Tkal\u010devi\u0107, L. Basioli, K. Salamon, I. \u0160ari\u0107, J.S. Parramon, M. Buba\u0161, I. Bogdanovi\u0107-Radovi\u0107, S. Bernstorff, Z. Fogarassy, K. Bal\u00e1zsi, M. Petravi\u0107, M. Mi\u010deti\u0107, <strong>Ge quantum dot lattices in alumina prepared by nitrogen assisted deposition: Structure and photoelectric conversion efficiency<\/strong>, <em>Solar Energy Materials and Solar Cells<\/em> (0927-0248) 218 (2020); 110722, 10.<\/p>\n<hr \/>\n<p>K. Ashurbekova, K. Ashurbekova, I. \u0160ari\u0107, E. Modin, M. Petravi\u0107, I. Abdulagatov, A. Abdulagatov, M. Knez, <strong>Molecular layer deposition of hybrid siloxane thin films by ring opening of cyclic trisiloxane (V3D3) andazasilane<\/strong>, <em>Chem. Commun<\/em>. 56 (2020), 62; 8778-8781.<\/p>\n<hr \/>\n<p>Fenero, Marta; Knez, Mato; Saric, Iva; Petravic, Mladen; Grande, Hans; Palenzuela, Jes\u00fas,<br \/>\n<strong>Omniphobic Etched Aluminum Surfaces with Anti- Icing Ability<\/strong>. <em>Langmuir<\/em>, 36 (2020), 37; 10916-10922.<\/p>\n<hr \/>\n<p>Mastroianni, S; Anastasio, A; Bedeschi, F; Boiano, A; Cantatore, G; Cauz, D; Corradi, G; Dabagov, S; Di Meo, P; Driutti, A; Di Sciascio, G; Di Stefano, R; Ferrari, C; Fioretti, A; Gabbanini, C; Gioiosa, A; Hampai, D; Iacovacci, M; Incagli, M; Karuza, M; Lusiani, A; Marignetti, F; Nath, A; Pauletta, G; Piacentino, GM; Santi, L; Venanzoni, G, <strong>Design and Performance of Data Acquisition and Control System for the Muon g-2 Laser Calibration<\/strong>, <em>IEEE Transactions on Nuclear Science<\/em>, 67 (2020), 5, 832-839.<\/p>\n<hr \/>\n<p>Zurak, L; Labinac, V; Erceg, N; Aviani, I; Jusup, M; Karuza, M, <strong>Testing scalar diffraction theory: Gaussian beam on a slit<\/strong>, <em>JOSA-A<\/em>, 37 (2020), 5, 752-758.<\/p>\n<hr \/>\n<p>Anastasi, A., Bottalico, E., Cantatore, G., Cotrozzi, L., Dabagov, S., Stefano, R.D., Driutti, A., Ferrari, C., Fioretti, A., Gabbanini, C., Galati, M.D., Gioiosa, A., Girotti, P., Hampai, D., Iacovacci, M., Incagli, M., Karuza, M., Lusiani, A., Marignetti, F., Mastroianni, S., Nath, A., Piacentino, G.M., Raha, N., Santi, L., Sorbara, M., Venanzoni, G., Vujnovi\u0107, V., <strong>An approach to light distribution for the calibration of high energy physics calorimeters<\/strong>, <em>Journal of Instrumentation<\/em>, 15 (9), art. no. P09014.<\/p>\n<hr \/>\n<p>Per\u010di\u0107, Marko; Zelenika, Sa\u0161a; Mezi\u0107, Igor; Peter, Robert; Krstulovi\u0107, Nik\u0161a: <strong>An experimental methodology for the concurrent characterization of multiple parameters influencing nanoscale friction,<\/strong> <em>Friction<\/em>, 8 (2020), 3; 577-593.<\/p>\n<hr \/>\n<p>Zelenika, Sa\u0161a ; Hadas, Zdenek ; Bader, Sebastian ; Becker, Thomas ; Glju\u0161\u0107i\u0107, Petar ; Hlinka, Jiri ; Janak, Ludek ; Kamenar, Ervin ; Ksica, Filip ; Kyratsi, Theodora ; Louca, Loucas ; Mrlik, Miroslav ; Osmanovi\u0107, Adnan ; Pakrashi, Vikram ; Rubes, Ondrej ; \u0160eve\u010dek, Old\u0159ich ; Silva, Jos\u00e9 P. B. ; Tofel, Pavel ; Trkulja, Bojan ; Unnthorsson, Runar ; Velagi\u0107, Jasmin ; Vrcan, \u017deljko: <strong>Energy harvesting technologies for structural health monitoring of airplane components \u2013 A review, <\/strong><em>Sensors<\/em>, 20 (2020), 22; 6685, 57.<\/p>\n<p>Matulja, Dario; Wittine, Karlo; Malatesti, Nela; Laclef, Sylvain; Turks, Maris; Kolympadi Markovic, Maria; Ambro\u017ei\u0107, Gabriela; Markovi\u0107, Dean, <strong>Marine Natural Products with High Anticancer Activities<\/strong>, <em>Current medicinal chemistry<\/em> &#8211; 27 (2020) 1-63.<\/p>\n<hr \/>\n<p>Matulja, Dario; Kolympadi Markovic, Maria; Ambro\u017ei\u0107, Gabriela; Laclef, Sylvain; Paveli\u0107, Sandra Kraljevi\u0107; Markovi\u0107, Dean, <strong>Secondary Metabolites from Gorgonian Corals of the Genus Eunicella: Structural Characterizations, Biological Activities, and Synthetic Approaches,<\/strong> <em>Molecule<\/em> (2020), 25(1), 129.<\/p>\n<hr \/>\n<h4><\/h4>\n<h4>2019<\/h4>\n<hr \/>\n<hr \/>\n<p>I. \u0160ari\u0107, R. Peter, M. Kolympadi Markovic, I. Jelovica Badovinac, C. Rogero, M. Ilyn, M. Knez,* G. Ambro\u017ei\u0107*. <strong>Introducing the concept of pulsed vapor phase copper-free surface click-chemistry using the ALD technique<\/strong>, <em>Chem. Commun.<\/em> 55 (2019) 3109\u20133112.<\/p>\n<hr \/>\n<p>I. Jelovica Badovinac, I. Kavre Piltaver, R. Peter, I. \u0160ari\u0107, M. Petravi\u0107, <strong>Formation of oxides on CoCrMo surfaces at room temperature: An XPS study, <\/strong><em>Applied surface science<\/em>, 471 (2019), 471; 475-481.<\/p>\n<hr \/>\n<p>K. Salamon, M. Mi\u010deti\u0107, J. Sancho-Parramon, I. Bogdanovi\u0107 Radovi\u0107, Z. Siketi\u0107, I. \u0160ari\u0107, M. Petravi\u0107, B. Bernstorff, <strong>\u03b2-TaON thin films: production by reactive magnetron sputtering and the question of non-stoichiometry<\/strong>, <em>J. Phys. D.<\/em> 52, 30 (2019).<\/p>\n<hr \/>\n<p>N. Neki\u0107, I. \u0160ari\u0107, K. Salamon, L. Basioli, J. Sancho-Parramon, J. Grenzer, R. H\u00fcbner, S. Bernstorff, M. Petravi\u0107, M. Mi\u010deti\u0107, <strong>Preparation of non-oxidized Ge quantum dot lattices in amorphous Al2O3, Si3N4 and SiC matrices<\/strong>, <em>Nanotechnology<\/em>, 30, 33 (2019).<\/p>\n<hr \/>\n<p>Bober, P.; Pfleger, J.; Pa\u0161ti, I. A.; Gavrilov, N.; Filippov, S. K.; Klepac, D.; Trchov\u00e1, M.; Hl\u00eddkov\u00e1, H.; Stejskal, J. <strong>Carbogels: Carbonized Conducting Polyaniline\/Poly(Vinyl Alcohol) Aerogels Derived from Cryogels for Electrochemical Capacitors.<\/strong> <em>J. Mater. Chem. A<\/em> 2019, 7 (4), 1785\u20131796.<\/p>\n<hr \/>\n<p>Ivanoska-Dacikj, A.; Bogoeva-Gaceva, G.; Vali\u0107, S. <strong>ESR Spectroscopy as a New Method to Analyze the Synergy between Two Different Nanofillers Dispersed in an Elastomer Matrix<\/strong>. <em>Polymer Testing<\/em> 2019, 73, 293\u2013299.<\/p>\n<hr \/>\n<p>Isenberg, S.; Weller, S.; Kargin, D.; Vali\u0107, S.; Schwederski, B.; Kelemen, Z.; Bruhn, C.; Kreki\u0107, K.; Maurer, M.; Feil, C. M.; et al. <strong>Bis-[3]Ferrocenophanes with Central &gt;E\u2212E\u2019&lt; Bonds (E, E\u2019=P, SiH): Preparation, Properties, and Thermal Activation.<\/strong> <em>ChemistryOpen<\/em> 2019, 8 (10), 1235\u20131243.<\/p>\n<hr \/>\n<p>Luke\u0161ov\u00e1, M.; \u0160vajdlenkov\u00e1, H.; Reuter, D.; Vali\u0107, S.; Loidl, A.; Barto\u0161, J.<strong> Spin Probe Interaction and Mobility in Confined Cyclohexane: Effects of Pore Size and Pore Surface Composition of Silica Gel Matrices.<\/strong> <em>Chemical Physics Letters<\/em> 2019, 735, 136756.<\/p>\n<hr \/>\n<p>M. Vranki\u0107, A. \u0160ari\u0107, S. Bosnar, D. Paji\u0107, J. Dragovi\u0107, A. Altomare, A. Falcicchio, J. Popovi\u0107, M. Juri\u0107, M. Petravi\u0107, I. Jelovica Badovinac, G. Dra\u017ei\u0107, <strong>Magnetic oxygen stored in quasi-1D form within BaAl2O4 lattice<\/strong>, <em>SciRep<\/em>, 9, 15158 (2019).<\/p>\n<hr \/>\n<p>Glju\u0161\u0107i\u0107, P., Zelenika, S., Bla\u017eevi\u0107, D., &amp; Kamenar, E. (2019).<strong> Kinetic Energy Harvesting for Wearable Medical Sensors<\/strong>. <em>Sensors<\/em>, 19(22), 4922.<\/p>\n<hr \/>\n<p>Cuendis, S.A.; Baier, J.; Barth, K.; Baum, S.; Bayirli, A.; Belov, A.; Brauninger, H.; Cantatore, G.; Carmona, J.M.; Castel, J.F.; Cetin, S.A.; Dafni, T.; Davenport, M.; Dermenev, A.; Desch, K.; Dobrich, B.; Fischer, H.; Funk, W.; Garcia, J.A.; Gardikiotis, A.; Garza, J.G.; Gninenko, S.; Hasinoff, M.D.; Hoffmann, D.H.H.; Iguaz, F.J.; Irastorza, I.G.; Jakovcic, K.; Kaminski, J.; Karuza, M.; Krieger, C.; Lakic, B.; Laurent, J.M.; Luzon, G.; Maroudas, M.; Miceli, L.; Neff, S.; Ortega, I.; Ozbey, A.; Pivovaroff, M.J.; Rosu, M.; Ruz, J.; Choliz, E.R.; Schmidt, S.; Schumann, M.; Semertzidis, Y.K.; Solanki, S.K.; Stewart, L.; Tsagris, I.; Vafeiadis, T.; Vogel, J.K.; Vretenar, M.; Yildiz, S.C.; Zioutas, K.; <strong>First results on the search for chameleons with the KWISP detector at CAST<\/strong>, <em>Phys. Dark Universe<\/em> 26, 100367 (2019).<\/p>\n<hr \/>\n<p>Vretenar, M.; Erceg, N.; Karuza, M.; <strong>Energy-resolved coincidence counting using an FPGA for nuclear lifetime experiments<\/strong>, <em>Am. J. Phys<\/em> 26, 997-1003 (2019).<\/p>\n<hr \/>\n<p>Anastassopoulos, V.; Aune, S.; Barth, K.; Belov, A.; Brauninger, H.; Cantatore, G.; Carmona, J.M.; Castel, J.F.; Cetin, S.A.; Christensen, F.; Dafni, T.; Davenport, M.; Dermenev, A.; Desch, K.; Dobrich, B.; Eleftheriadis, C.; Fanourakis, G.; Ferrer-Ribas, E.; Fischer, H.; Funk, W.; Garcia, J.A.; Gardikiotis, A.; Garza, J.G.; Gazis, E.N.; Geralis, T.; Giomataris, I.; Gninenko, S.; Hailey, C.J.; Hasinoff, M.D.; Hoffmann, D.H.H.; Iguaz, F.J.; Irastorza, I.G.; Jakobsen, A.; Jacoby, J.; Jakovcic, K.; Kaminski, J.; Karuza, M.; Kostoglou, S.; Kralj, N.; Krcmar, M.; Krieger, C.; Lakic, B.; Laurent, J.M.; Liolios, A.; Ljubicic, A.; Luzon, G.; Maroudas, M.; Miceli, L.; Neff, S.; Ortega, I.; Papaevangelou, T.; Paraschou, K.; Pivovaroff, M.J.; Raffelt, G.; Rosu, M.; Ruz, J.; Choliz, E.R.; Savvidis, I.; Schmidt, S.; Semertzidis, Y.K.; Solanki, S.K.; Stewart, L.; Vafeiadis, T.; Vogel, J.K.; Vretenar, M.; Wuensch, W.; Yildiz, S.C.; Zioutas, K.; Brax, P.; <strong>Improved search for solar chameleons with a GridPix detector at CAST<\/strong>,<em> J. Cosmol. Astropart. Phys.<\/em>, 032 (2019).<\/p>\n<hr \/>\n<p>Erceg, Nata\u0161a; Aviani, Ivica; Grla\u0161, Klara; Karuza, Marin; Me\u0161i\u0107, Vanes, <strong>Development of the kinetic molecular theory of liquids concept inventory: preliminary results on university students\u2019 misconceptions<\/strong>. <em>European journal of physics<\/em>, 40 (2019), 2; 25704, 32.<\/p>\n<hr \/>\n<p>Me\u0161i\u0107, Vanes; Neumann, Knut; Aviani, Ivica; Hasovi\u0107, Elvedin; Boone, William J.; Erceg, Nata\u0161a; Grubelnik, Vladimir; Su\u0161ac, Ana; Saliba\u0161i\u0107 Glamo\u010di\u0107, D\u017eana; Karuza, Marin et al. <strong>Measuring students\u2019 conceptual understanding of wave optics: A Rasch modeling approach,<\/strong> <em>Physical Review Physics Education Research<\/em>, 15 (2019), 1; 010115-1.<\/p>\n<hr \/>\n<p>A. Anastasi, A. Anastasio, S. Avino, F. Bedeschi, A. Boiano, G. Cantatore, D. Cauz, S. Ceravolo, G. Corradi, S. Dabagov, S. Di Falco, P. Di Meo, S. Donati, A. Driutti, G. Di Sciascio, R. Di Stefano, O. Escalante, C. Ferrari, A. Fioretti, C. Gabbanini, G. Gagliardi, A. Gioiosa, D. Hampai, M. Iacovacci, M. Incagli, M. Karuza, A. Lusiani, F. Marignetti, S. Mastroianni, D. Moricciani, A. Nath, G. Pauletta, G.M. Piacentino, N. Raha, L. Santi, M.W. Smith, G. Venanzoni, <strong>Muon g-2 calibration system data flow<\/strong>, <em>Nuclear Inst. and Methods in Physics Research<\/em>, A 936 (2019) 335\u2013336.<\/p>\n<hr \/>\n<p>A. Driutti, A. Basti, F. Bedeschi, G. Cantatore, D. Cauz, G. Corradi, S. Dabagov, S. Di Falco, G. Di Sciascio, R. Di Stefano, S. Donati, O. Escalante, C. Ferrari, A. Fioretti, C. Gabbanini, A. Gioiosa, D. Hampai, M. Iacovacci, M. Incagli, M. Karuza, A. Lusiani, F. Marignetti, S. Mastroianni, D. Moricciani, A. Nath, G. Pauletta, G.M. Piacentino, N. Raha, L. Santi, M. Smith, M. Sorbara, G. Venanzoni,<strong> The calibration system of the Muon ?\u20132 experiment<\/strong>, <em>Nuclear Inst. and Methods in Physics Research<\/em>, A 936 (2019) 98\u2013101.<\/p>\n<hr \/>\n<p>A. Anastasi, A. Anastasio, S. Avino, F. Bedeschi, A. Boiano, G. Cantatore, D. Cauz, S. Ceravolo, G. Corradi, S. Dabagov, S. Di Falco, S. Di Meo, S. Donati, A. Driutti, G. Di Sciascio, R. Di Stefano, O. Escalante, C. Ferrari, A. Fioretti, C. Gabbanini, G. Gagliardi, A. Gioiosa, D. Hampai, M. Iacovacci, M. Incagli, M. Karuza, A. Lusiani, F. Marignetti, S. Mastroianni, D. Moricciani, A. Nath, G. Pauletta, G.M. Piacentino, N. Raha, L. Santi, M.W. Smith, G. Venanzoni, <strong>The monitoring electronics of the laser calibration system in the Muon g-2 Experiment<\/strong>, <em>Nuclear Inst. and Methods in Physics Research<\/em>, A 936 (2019) 372\u2013373.<\/p>\n<hr \/>\n<p>Ivanoska-Dacikj, A.; Bogoeva-Gaceva, G.; Vali\u0107, S. <strong>ESR Spectroscopy as a New Method to Analyze the Synergy between Two Different Nanofillers Dispersed in an Elastomer Matrix<\/strong>. <em>Polymer Testing<\/em> (2019), 73, 293\u2013299.<\/p>\n<hr \/>\n<p>&nbsp;<\/p>","protected":false},"excerpt":{"rendered":"<p>2021 M. Per\u010di\u0107, S. Zelenika, I. Mezi\u0107, Artificial intelligence-based predictive model of nanoscale friction using experimental data, Friction 9 (2021) 6; 1726-1748. (Q1\/Exc, IF 6.167) P. Glju\u0161\u0107i\u0107, S. Zelenika, Experimental characterization of optimized piezoelectric energy harvesters for wearable sensor networks, Sensors 21 (2021), 21; 7042, 25. (Q1, IF 3.576) R. Peter, M. Petravi\u0107, Initial stages [&hellip;]<\/p>\n","protected":false},"author":2,"featured_media":0,"parent":0,"menu_order":0,"comment_status":"closed","ping_status":"closed","template":"","meta":[],"_links":{"self":[{"href":"https:\/\/nanori.uniri.hr\/hr\/wp-json\/wp\/v2\/pages\/257"}],"collection":[{"href":"https:\/\/nanori.uniri.hr\/hr\/wp-json\/wp\/v2\/pages"}],"about":[{"href":"https:\/\/nanori.uniri.hr\/hr\/wp-json\/wp\/v2\/types\/page"}],"author":[{"embeddable":true,"href":"https:\/\/nanori.uniri.hr\/hr\/wp-json\/wp\/v2\/users\/2"}],"replies":[{"embeddable":true,"href":"https:\/\/nanori.uniri.hr\/hr\/wp-json\/wp\/v2\/comments?post=257"}],"version-history":[{"count":17,"href":"https:\/\/nanori.uniri.hr\/hr\/wp-json\/wp\/v2\/pages\/257\/revisions"}],"predecessor-version":[{"id":12258,"href":"https:\/\/nanori.uniri.hr\/hr\/wp-json\/wp\/v2\/pages\/257\/revisions\/12258"}],"wp:attachment":[{"href":"https:\/\/nanori.uniri.hr\/hr\/wp-json\/wp\/v2\/media?parent=257"}],"curies":[{"name":"wp","href":"https:\/\/api.w.org\/{rel}","templated":true}]}}