{"id":255,"date":"2018-02-27T11:49:32","date_gmt":"2018-02-27T11:49:32","guid":{"rendered":"http:\/\/nanori.uniri.hr\/?page_id=255"},"modified":"2018-03-02T12:43:35","modified_gmt":"2018-03-02T11:43:35","slug":"projects","status":"publish","type":"page","link":"https:\/\/nanori.uniri.hr\/hr\/projects\/","title":{"rendered":"Projekti"},"content":{"rendered":"<p><\/p>\n<h3 class=\"entry-title\"><strong style=\"font-size: 16px;\">Teku\u0107i:<\/strong><\/h3>\n<h5>Vo\u0111eni od strane djelatnika CMNZT-a:<\/h5>\n<div class=\"entry-content\">\n<ul>\n<li>HRZZ projekt <em>Priprema poroznih tankoslojnih materijala za pro\u010di\u0161\u0107avanje vode koriste\u0107i tehniku Depozicije atomskih slojeva (ALD)<\/em><\/li>\n<li>COST MP1402 projekta <em>Hooking together European research in Atomic Layer Deposition<\/em> (HERALD)<\/li>\n<\/ul>\n<h5>Uz doprinos djelatnika CMNZT-a:<\/h5>\n<ul>\n<li>HRZZ: <em>Holografija i interferometrija u uvjetima niske razine rasvjete<\/em> (IFS, IRB)<\/li>\n<li><em>Potraga za aksionima i njima sli\u010dnim \u010desticama<\/em> (IRB)<\/li>\n<li>HRZZ projekt\u00a0<em>Karakterizacija niskotemperaturne molekulske dinamike sustava s neure\u0111enom re\u0161etkom metodom ESR<\/em><\/li>\n<li>Muon g-2 eksperiment pri nacionalnom laboratoriju SAD Fermilab<\/li>\n<li>CAST (<em>CERN Axion Solar Telescope<\/em>)<\/li>\n<li>\u00a0Znanstveni centar izvrsnosti <em>ZCI za napredne materijale i senzore &#8211; CEMS<\/em> (uz IRB, IFS, PMF SuZg, Medicinski fakultet SuZg, Kon\u010dar \u2013 Institut za elektrotehniku Hrvatska)<\/li>\n<\/ul>\n<h3 class=\"entry-title\"><strong style=\"font-size: 16px;\">Zavr\u0161eni:<\/strong><\/h3>\n<ul>\n<li>Research Infrastructure for Campus-based Laboratories at the University of Rijeka (RISK)<\/li>\n<\/ul>\n<h5>Me\u0111unarodni:<\/h5>\n<ul>\n<li>Europska unija, Europski socijalni fond &#8211; Projekt\u00a0<a href=\"http:\/\/www.sizif.uniri.hr\/hr\/\">Stjecanje Istra\u017eiva\u010dke i Znanstvene Izvrsnosti u Funkcionalizaciji biomedicinskih materijala, SIZIF<\/a><\/li>\n<li>FP7-PEOPLE-2013-ITN <em>Organic bioelectronics (OrgBio)<\/em><\/li>\n<\/ul>\n<ul>\n<li>EU FP7 GOLDFISH \u2013 Detection of Watercourse Contamination using Sensor Networks in Developing countries (November 2013. \u2013 May 2015.) Project Website:\u00a0<a href=\"http:\/\/www.goldfish-project.eu\/\" target=\"_blank\" rel=\"noopener\">http:\/\/www.goldfish-project.eu\/<\/a><\/li>\n<\/ul>\n<h5>Doma\u0107i:<\/h5>\n<ul>\n<li>HRZZ<strong>\u00a0<\/strong>projekt<strong>\u00a0<\/strong>Visokoproto\u010dne analiti\u010dke platforme za kontrolu kvalitete i provjeru izvornosti hrane iz jadranskog podru\u010dja<\/li>\n<li>Ultra-high precision compliant devices for micro and nanotechnology applications (Funded by Ministry of Science Education and Sports of the Republic of Croatia)<\/li>\n<li>Wireless Autonomous Tire Pressure Sensor (WATPS) (The Business Innovation Agency of the Republic of Croatia \u2013 BICRO)<\/li>\n<li>System for automatic pressure regulation with a self-regulating autonomous valve (SAV) (From Ip To Business \u2013 FIDES)<\/li>\n<\/ul>\n<\/div>\n<p><\/p>","protected":false},"excerpt":{"rendered":"<p>Teku\u0107i: Vo\u0111eni od strane djelatnika CMNZT-a: HRZZ projekt Priprema poroznih tankoslojnih materijala za pro\u010di\u0161\u0107avanje vode koriste\u0107i tehniku Depozicije atomskih slojeva (ALD) COST MP1402 projekta Hooking together European research in Atomic Layer Deposition (HERALD) Uz doprinos djelatnika CMNZT-a: HRZZ: Holografija i interferometrija u uvjetima niske razine rasvjete (IFS, IRB) Potraga za aksionima i njima sli\u010dnim \u010desticama [&hellip;]<\/p>\n","protected":false},"author":2,"featured_media":0,"parent":0,"menu_order":0,"comment_status":"closed","ping_status":"closed","template":"","meta":[],"_links":{"self":[{"href":"https:\/\/nanori.uniri.hr\/hr\/wp-json\/wp\/v2\/pages\/255"}],"collection":[{"href":"https:\/\/nanori.uniri.hr\/hr\/wp-json\/wp\/v2\/pages"}],"about":[{"href":"https:\/\/nanori.uniri.hr\/hr\/wp-json\/wp\/v2\/types\/page"}],"author":[{"embeddable":true,"href":"https:\/\/nanori.uniri.hr\/hr\/wp-json\/wp\/v2\/users\/2"}],"replies":[{"embeddable":true,"href":"https:\/\/nanori.uniri.hr\/hr\/wp-json\/wp\/v2\/comments?post=255"}],"version-history":[{"count":14,"href":"https:\/\/nanori.uniri.hr\/hr\/wp-json\/wp\/v2\/pages\/255\/revisions"}],"predecessor-version":[{"id":443,"href":"https:\/\/nanori.uniri.hr\/hr\/wp-json\/wp\/v2\/pages\/255\/revisions\/443"}],"wp:attachment":[{"href":"https:\/\/nanori.uniri.hr\/hr\/wp-json\/wp\/v2\/media?parent=255"}],"curies":[{"name":"wp","href":"https:\/\/api.w.org\/{rel}","templated":true}]}}